{"id":19,"date":"2013-11-18T19:19:14","date_gmt":"2013-11-18T19:19:14","guid":{"rendered":"http:\/\/insightyoga.dk\/?page_id=19"},"modified":"2014-08-19T10:46:40","modified_gmt":"2014-08-19T10:46:40","slug":"undervisere","status":"publish","type":"page","link":"http:\/\/insightyoga.dk\/?page_id=19","title":{"rendered":"Undervisere"},"content":{"rendered":"<p>&nbsp;<\/p>\n<p><span style=\"font-family: arial, helvetica, sans-serif; font-size: 14px;\"><img class=\"alignright\" style=\"margin: 5px;\" src=\"http:\/\/insightyoga.dk\/images\/iris_2012_isys_www.jpg\" alt=\"Iris\" \/><\/span><span style=\"font-size: 16pt; font-family: trebuchet ms,geneva;\"><strong>Iris U. Schneider<\/strong><\/span><\/p>\n<p><span style=\"font-size: 12pt; font-family: trebuchet ms,geneva;\">Iris U. Schneider (aut. yogal\u00e6rer) har undervist og videreuddannet sig igennm de sidste 30 \u00e5r. Hun er kendt for sin grundige, respektfulde undervisning og sit lattermilde, k\u00e6rlige v\u00e6sen. Hun er stifter og leder af kursusvirksomheden In-Sight, der holder kurser for private og erhvervslivet.<\/span><\/p>\n<hr style=\"width: 100%;\" width=\"100%\" \/>\n<p><span style=\"font-size: 16pt; font-family: trebuchet ms,geneva;\"><strong>Katja Thit N\u00f8rgaard<\/strong><\/span><span style=\"font-family: arial, helvetica, sans-serif; font-size: 14px;\"><img loading=\"lazy\" class=\"alignright\" style=\"margin: 5px;\" src=\"http:\/\/insightyoga.dk\/images\/katja_2012_isys_www.jpg\" alt=\"Katja\" width=\"200\" height=\"192\" \/><\/span><\/p>\n<p><span style=\"font-family: trebuchet ms,geneva; font-size: 12pt;\">Katja har i mere end 15 \u00e5r besk\u00e6ftigede sig med tr\u00e6ning og bev\u00e6gelse. K\u00e6rligheden er faldet p\u00e5 yogaen og det er blevet til en livslang aff\u00e6re. Katja har med sin baggrund som Psykomotorisk Terapeut og Pilatesinstrukt\u00f8r stor sans for anatomien og undervisningen veksler mellem fysisk muskelkr\u00e6vende \u00f8velser og blide dybe str\u00e6k med plads til fordybelse.<\/span><\/p>\n<p><span style=\"font-family: trebuchet ms,geneva; font-size: 12pt;\">Yoga er for mig: En m\u00e5de at leve p\u00e5. Det er i yogaen jeg finder styrke, ro, klarhed, balance, overskud og blidhed b\u00e5de fysisk og mentalt. Igennem yoga vender jeg hjem til mig selv.<\/span><\/p>\n<hr style=\"width: 100%;\" width=\"100%\" \/>\n<p><span style=\"font-size: 16pt; font-family: trebuchet ms,geneva;\"><strong>Frie<\/strong><img loading=\"lazy\" class=\"alignright\" style=\"margin: 5px;\" src=\"http:\/\/www.insightyoga.dk\/images\/friederikke_2012_isys_www.jpg\" alt=\"Friederikke\" width=\"200\" height=\"198\" \/><strong>derikke Sofia Krogh<\/strong><\/span><\/p>\n<p><span style=\"font-family: trebuchet ms,geneva; font-size: 12pt;\">Friederikke er uddannet yogal\u00e6rer, teenyogal\u00e6rer og restorativ yogal\u00e6rer og videreuddanner sig videre via workshops og kurser. Inden l\u00e6nge er hun f\u00e6rdig som terapeutisk lifecoach. Yoga betyder forening, og Friederikkes og hendes passion for at opn\u00e5 helhed og balance i krop og sind spinder en smuk tr\u00e5d med yoga, coaching og dans. Hendes undervisning rummer fysiske \u00f8velser, som styrker og smidigg\u00f8r kroppen og ogs\u00e5 mere blide dybe str\u00e6k og \u00e5bnende stillinger, der st\u00f8tter krop og tanker til at give slip. Der er ogs\u00e5 fokus p\u00e5 \u00e5ndedr\u00e6t, afsp\u00e6nding og meditation.<\/span><\/p>\n<p><span style=\"font-family: trebuchet ms,geneva; font-size: 12pt;\">Yoga er for mig en rejse, der inviterer mig til at m\u00e6rke og m\u00f8de mig selv, verden og livet, lige der, hvor jeg er. En mulighed for at v\u00e6re mig selv med alt, hvad det indeholder&#8230;<\/span><\/p>\n<p><a href=\"http:\/\/insightyoga.dk\/wp-content\/uploads\/2013\/11\/Logo_Yoga.jpg\"><img loading=\"lazy\" class=\"size-medium wp-image-51 aligncenter\" src=\"http:\/\/insightyoga.dk\/wp-content\/uploads\/2013\/11\/Logo_Yoga-233x300.jpg\" alt=\"Logo_Yoga\" width=\"150\" height=\"194\" \/><\/a><\/p>\n","protected":false},"excerpt":{"rendered":"<p>&nbsp; Iris U. Schneider Iris U. Schneider (aut. yogal\u00e6rer) har undervist og videreuddannet sig igennm de sidste 30 \u00e5r. Hun er kendt for sin grundige, respektfulde undervisning og sit lattermilde, k\u00e6rlige v\u00e6sen. Hun er stifter og leder af kursusvirksomheden In-Sight, &hellip; <a href=\"http:\/\/insightyoga.dk\/?page_id=19\">L\u00e6s resten <span class=\"meta-nav\">&rarr;<\/span><\/a><\/p>\n","protected":false},"author":1,"featured_media":0,"parent":0,"menu_order":600,"comment_status":"closed","ping_status":"closed","template":"onecolumn-page.php","meta":[],"_links":{"self":[{"href":"http:\/\/insightyoga.dk\/index.php?rest_route=\/wp\/v2\/pages\/19"}],"collection":[{"href":"http:\/\/insightyoga.dk\/index.php?rest_route=\/wp\/v2\/pages"}],"about":[{"href":"http:\/\/insightyoga.dk\/index.php?rest_route=\/wp\/v2\/types\/page"}],"author":[{"embeddable":true,"href":"http:\/\/insightyoga.dk\/index.php?rest_route=\/wp\/v2\/users\/1"}],"replies":[{"embeddable":true,"href":"http:\/\/insightyoga.dk\/index.php?rest_route=%2Fwp%2Fv2%2Fcomments&post=19"}],"version-history":[{"count":5,"href":"http:\/\/insightyoga.dk\/index.php?rest_route=\/wp\/v2\/pages\/19\/revisions"}],"predecessor-version":[{"id":318,"href":"http:\/\/insightyoga.dk\/index.php?rest_route=\/wp\/v2\/pages\/19\/revisions\/318"}],"wp:attachment":[{"href":"http:\/\/insightyoga.dk\/index.php?rest_route=%2Fwp%2Fv2%2Fmedia&parent=19"}],"curies":[{"name":"wp","href":"https:\/\/api.w.org\/{rel}","templated":true}]}}