{"id":125,"date":"2013-12-01T21:41:32","date_gmt":"2013-12-01T21:41:32","guid":{"rendered":"http:\/\/insightyoga.dk\/?page_id=125"},"modified":"2017-04-25T19:11:10","modified_gmt":"2017-04-25T19:11:10","slug":"de-5-tibetanere","status":"publish","type":"page","link":"https:\/\/insightyoga.dk\/?page_id=125","title":{"rendered":"De 5 Tibetanere"},"content":{"rendered":"<div align=\"center\">\n<div style=\"text-align: center;\" align=\"center\"><span style=\"font-family: trebuchet ms,geneva; font-size: 12pt;\">&#8220;Ungdommens Kilde&#8221;<br \/>\n<\/span><\/div>\n<div style=\"text-align: center;\" align=\"center\"><span style=\"font-family: trebuchet ms,geneva; font-size: 12pt;\">Et kort, dynamisk yogaprogram til hjemmebrug<\/span><\/div>\n<div style=\"text-align: center;\" align=\"center\"><span style=\"font-family: trebuchet ms,geneva; font-size: 12pt;\">Kurset forl\u00f8ber over 2 gange<\/span><\/div>\n<div style=\"text-align: center;\" align=\"center\"><\/div>\n<div style=\"text-align: center;\" align=\"center\"><span style=\"font-family: trebuchet ms,geneva; font-size: 12pt;\"><strong>Underviser: Aut. Yogal\u00e6rer Iris U. Schneider<br \/>\n<\/strong>Har undervist i De 5 Tibetanere siden 1993<\/span><\/div>\n<\/div>\n<div style=\"text-align: left;\" align=\"center\"><span style=\"font-family: arial,helvetica,sans-serif; font-size: 14px;\">\u00a0<\/span><\/div>\n<div style=\"text-align: left;\" align=\"center\"><span style=\"font-family: trebuchet ms,geneva; font-size: 12pt;\"><b> Hvem kan deltage? <\/b> Alle, der i en stresset hverdag, har brug for et dagligt, kort og enkelt fysisk program, der fordyber \u00e5ndedr\u00e6ttet, styrker og smidigg\u00f8r kroppen, skaber fokus og \u00f8ger energiniveauet.<\/span><\/div>\n<div style=\"text-align: left;\" align=\"center\"><\/div>\n<div style=\"text-align: left;\" align=\"center\"><span style=\"font-family: trebuchet ms,geneva; font-size: 12pt;\"><b>Kursets m\u00e5l<\/b> At du l\u00e6rer \u00f8velserne fra bunden og f\u00e5r et klart og enkelt program med hjem, som du kan bruge til den daglige vedligeholdelse af krop og sind.<\/span><\/div>\n<div style=\"text-align: left;\" align=\"center\"><\/div>\n<div style=\"text-align: left;\" align=\"center\"><span style=\"font-family: trebuchet ms,geneva; font-size: 12pt;\"><b>Kursets indhold<br \/>\n<\/b><\/span><\/div>\n<div align=\"center\">\n<ul style=\"text-align: left;\">\n<li><span style=\"font-family: trebuchet ms,geneva; font-size: 12pt;\">Historien bag De 5 Tibetanere<\/span><\/li>\n<li><span style=\"font-family: trebuchet ms,geneva; font-size: 12pt;\">Anatomisk korrekt indl\u00e6ring af \u00f8velserne<\/span><\/li>\n<li><span style=\"font-family: trebuchet ms,geneva; font-size: 12pt;\">Forbindelse mellem \u00e5ndedr\u00e6t og bev\u00e6gelse<\/span><\/li>\n<li><span style=\"font-family: trebuchet ms,geneva; font-size: 12pt;\">Individuel vejledning ved fysiske begr\u00e6nsninger<\/span><\/li>\n<li><span style=\"font-family: trebuchet ms,geneva; font-size: 12pt;\">Fysisk og psykisk virkning<\/span><\/li>\n<li><span style=\"font-family: trebuchet ms,geneva; font-size: 12pt;\">Indf\u00f8ring i kroppens energicentre (chakras)<\/span><\/li>\n<li><span style=\"font-family: trebuchet ms,geneva; font-size: 12pt;\">Erfaringsudveksling<\/span><\/li>\n<li><span style=\"font-family: trebuchet ms,geneva; font-size: 12pt;\">Individuelle justeringer<\/span><\/li>\n<\/ul>\n<p style=\"text-align: left;\"><span style=\"font-family: trebuchet ms,geneva; font-size: 12pt;\"><b>Bem\u00e6rk <\/b>Mellem 1. og 2. m\u00f8degang skal du beregne 10 -15 min. hver dag til at \u00f8ve dig.<\/span><\/p>\n<p style=\"text-align: left;\"><span style=\"font-family: trebuchet ms,geneva; font-size: 12pt;\">Pris for begge dage <b>450 kr.<\/b><\/span><\/p>\n<p style=\"text-align: left;\"><span style=\"font-family: trebuchet ms,geneva; font-size: 12pt;\">Du er tilmeldt n\u00e5r du har indbetalt p\u00e5 konto i Merkur bank:\u00a0<span style=\"font-family: trebuchet ms,geneva;\">8401 0001148966<\/span>. Skriv 5 T og dit navn.<\/span><\/p>\n<p style=\"text-align: left;\"><a href=\"http:\/\/insightyoga.dk\/wp-content\/uploads\/2013\/11\/Logo_Yoga.jpg\"><img loading=\"lazy\" class=\"aligncenter\" src=\"http:\/\/insightyoga.dk\/wp-content\/uploads\/2013\/11\/Logo_Yoga-233x300.jpg\" alt=\"Logo_Yoga\" width=\"125\" height=\"160\" \/><\/a><\/p>\n<\/div>\n","protected":false},"excerpt":{"rendered":"<p>&#8220;Ungdommens Kilde&#8221; Et kort, dynamisk yogaprogram til hjemmebrug Kurset forl\u00f8ber over 2 gange Underviser: Aut. Yogal\u00e6rer Iris U. Schneider Har undervist i De 5 Tibetanere siden 1993 \u00a0 Hvem kan deltage? Alle, der i en stresset hverdag, har brug for &hellip; <a href=\"https:\/\/insightyoga.dk\/?page_id=125\">L\u00e6s resten <span class=\"meta-nav\">&rarr;<\/span><\/a><\/p>\n","protected":false},"author":1,"featured_media":0,"parent":15,"menu_order":10,"comment_status":"closed","ping_status":"closed","template":"onecolumn-page.php","meta":[],"_links":{"self":[{"href":"https:\/\/insightyoga.dk\/index.php?rest_route=\/wp\/v2\/pages\/125"}],"collection":[{"href":"https:\/\/insightyoga.dk\/index.php?rest_route=\/wp\/v2\/pages"}],"about":[{"href":"https:\/\/insightyoga.dk\/index.php?rest_route=\/wp\/v2\/types\/page"}],"author":[{"embeddable":true,"href":"https:\/\/insightyoga.dk\/index.php?rest_route=\/wp\/v2\/users\/1"}],"replies":[{"embeddable":true,"href":"https:\/\/insightyoga.dk\/index.php?rest_route=%2Fwp%2Fv2%2Fcomments&post=125"}],"version-history":[{"count":15,"href":"https:\/\/insightyoga.dk\/index.php?rest_route=\/wp\/v2\/pages\/125\/revisions"}],"predecessor-version":[{"id":375,"href":"https:\/\/insightyoga.dk\/index.php?rest_route=\/wp\/v2\/pages\/125\/revisions\/375"}],"up":[{"embeddable":true,"href":"https:\/\/insightyoga.dk\/index.php?rest_route=\/wp\/v2\/pages\/15"}],"wp:attachment":[{"href":"https:\/\/insightyoga.dk\/index.php?rest_route=%2Fwp%2Fv2%2Fmedia&parent=125"}],"curies":[{"name":"wp","href":"https:\/\/api.w.org\/{rel}","templated":true}]}}