{"id":13,"date":"2013-11-18T19:14:52","date_gmt":"2013-11-18T19:14:52","guid":{"rendered":"http:\/\/insightyoga.dk\/?page_id=13"},"modified":"2014-08-19T10:44:07","modified_gmt":"2014-08-19T10:44:07","slug":"enetimer","status":"publish","type":"page","link":"https:\/\/insightyoga.dk\/?page_id=13","title":{"rendered":"Enetimer"},"content":{"rendered":"<p dir=\"ltr\"><strong><span style=\"font-family: arial,helvetica,sans-serif; font-size: 20px;\"><a href=\"http:\/\/insightyoga.dk\/wp-content\/uploads\/2013\/11\/lotus_fyrfad.jpg\"><img loading=\"lazy\" class=\"size-medium wp-image-71 alignright\" src=\"http:\/\/insightyoga.dk\/wp-content\/uploads\/2013\/11\/lotus_fyrfad-300x110.jpg\" alt=\"lotus_fyrfad\" width=\"300\" height=\"110\" srcset=\"https:\/\/insightyoga.dk\/wp-content\/uploads\/2013\/11\/lotus_fyrfad-300x110.jpg 300w, https:\/\/insightyoga.dk\/wp-content\/uploads\/2013\/11\/lotus_fyrfad.jpg 403w\" sizes=\"(max-width: 300px) 100vw, 300px\" \/><\/a><\/span><span style=\"font-family: trebuchet ms,geneva; font-size: 14pt;\">Iris tilbyder:<\/span><\/strong><\/p>\n<ul dir=\"ltr\">\n<li>\n<div><span style=\"font-family: trebuchet ms,geneva; font-size: 12pt;\">Individuelle yogaprogrammer<\/span><\/div>\n<\/li>\n<li>\n<div><span style=\"font-family: trebuchet ms,geneva; font-size: 12pt;\">Fortl\u00f8bende yogaundervisning<\/span><\/div>\n<\/li>\n<li>\n<div><span style=\"font-family: trebuchet ms,geneva; font-size: 12pt;\">\u00c5ndedr\u00e6tsterapi iflg. Yoga<\/span><\/div>\n<\/li>\n<li>\n<div><span style=\"font-family: trebuchet ms,geneva; font-size: 12pt;\">Hormonyoga for kvinder i overgangsalderen<\/span><\/div>\n<\/li>\n<li>\n<div><span style=\"font-family: trebuchet ms,geneva; font-size: 12pt;\">Sessioner i Tilgivelse<\/span><\/div>\n<\/li>\n<li>\n<div><span style=\"font-family: trebuchet ms,geneva; font-size: 12pt;\">Enetimer, eller sm\u00e5 hold i Systemiske Familieopstillinger<\/span><\/div>\n<\/li>\n<li>\n<div><span style=\"font-family: trebuchet ms,geneva; font-size: 12pt;\">Undervisning\/coaching efter Art Reade&#8217;s principper<\/span><\/div>\n<\/li>\n<li>\n<div><span style=\"font-family: trebuchet ms,geneva; font-size: 12pt;\">Weekendkurser\/foredrag\/workshops i samtlige emner hjemme hos dig, efter aftale<\/span><\/div>\n<\/li>\n<\/ul>\n<p><span style=\"font-family: trebuchet ms,geneva; font-size: 12pt;\"><strong>For at lave en aftale ring<\/strong> 20 64 58 19<\/span><\/p>\n<p><span style=\"font-family: trebuchet ms,geneva; font-size: 12pt;\"><strong>Pris<\/strong> ved undervisning i In-Sight Yoga Studio, Struenseegade 13 A, 1. sal, 2200 K\u00f8benhavn N<\/span><\/p>\n<ul>\n<li><span style=\"font-family: trebuchet ms,geneva; font-size: 12pt;\">650 kr. pr. gang (60 &#8211; 75 min.) for \u00e9n person<\/span><\/li>\n<li><span style=\"font-family: trebuchet ms,geneva; font-size: 12pt;\">1.800 kr. for 3 gange ved forudbetalling <sup><strong>1)<\/strong><\/sup><\/span><\/li>\n<li><span style=\"font-family: trebuchet ms,geneva; font-size: 12pt;\">850 kr. pr. gang for to personer<\/span><\/li>\n<li><span style=\"font-family: trebuchet ms,geneva; font-size: 12pt;\">950 kr. pr. gang for tre personer<\/span><\/li>\n<li><span style=\"font-family: trebuchet ms,geneva; font-size: 12pt;\">Ved almindelig yogaundervisning (uden at der bliver lagt program til hjemmebrug): 2.750 kr. for 5 gange ved forudbetaling.<\/span><\/li>\n<\/ul>\n<p><span style=\"font-family: trebuchet ms,geneva; font-size: 12pt;\">Jeg kan ogs\u00e5 komme hjem til dig, for en merpris p\u00e5 50 kr., hvis du bor i indre K\u00f8benhavn eller brokvartererne.<\/span><\/p>\n<p><span style=\"font-family: trebuchet ms,geneva; font-size: 12pt;\"><sup><strong>1)<\/strong><\/sup><\/span><br \/>\n<span style=\"font-family: trebuchet ms,geneva; font-size: 12pt;\"> For yoga enetimer anbefaler jeg 3 gange.<\/span><br \/>\n<span style=\"font-family: trebuchet ms,geneva; font-size: 12pt;\"> Den f\u00f8rste gang taler vi sammen, jeg ser p\u00e5 dig, vi afpr\u00f8ver nogle \u00f8velser og du f\u00e5r et forel\u00f8bigt program med hjem.<\/span><br \/>\n<span style=\"font-family: trebuchet ms,geneva; font-size: 12pt;\"> Anden gang giver du feedback p\u00e5 programmet, jeg justerer og vi afpr\u00f8ver det nye program, som vi optager p\u00e5 din telefon.<\/span><br \/>\n<span style=\"font-family: trebuchet ms,geneva; font-size: 12pt;\"> Tredje gang f\u00e6rdigjusterer vi programmet, du f\u00e5r ekstra tips og detaljer.<\/span><br \/>\n<span style=\"font-family: trebuchet ms,geneva; font-size: 12pt;\"> I hver time indg\u00e5r desuden en afsp\u00e6nding.<\/span><\/p>\n<p><span style=\"font-family: trebuchet ms,geneva; font-size: 12pt;\"><strong>Mit grundlag for enetimer er:<\/strong><\/span><\/p>\n<ul>\n<li><span style=\"font-family: trebuchet ms,geneva; font-size: 12pt;\">Basis yogal\u00e6rer uddannelse hos Guni Martin (Integral Yoga, Satyananda lineage) 1986 &#8211; 1989<\/span><\/li>\n<li><span style=\"font-family: trebuchet ms,geneva; font-size: 12pt;\">Talrige efteruddannelser i forskellige fysiske yogaformer, samt yogafilosofi og &#8211; psykologi<\/span><\/li>\n<li><span style=\"font-family: trebuchet ms,geneva; font-size: 12pt;\">Uddannelse som vejleder i &#8220;Unconditional Love and Forgiveness&#8221; hos Edith Stauffer, Psychosynthesis International, California, 1993<\/span><\/li>\n<li><span style=\"font-family: trebuchet ms,geneva; font-size: 12pt;\">Yogaterapi uddannelse hos European Center for Yoga Therapy (ECYT) 2003 &#8211; 2004<\/span><\/li>\n<li><span style=\"font-family: trebuchet ms,geneva; font-size: 12pt;\">Uddannelse i Systemiske Familieopstillinger, efter Bert Hellinger, hos Elisa Sch\u00fcler-Mombaur 2005 &#8211; 2007<\/span><\/li>\n<li><span style=\"font-family: trebuchet ms,geneva; font-size: 12pt;\">Uddannelse i Hormon Yoga efter Dinah Rodrigues 2010 (hos Dinah selv).<\/span><\/li>\n<li><span style=\"font-family: trebuchet ms,geneva; font-size: 12pt;\">Reiki Healing, Master certifikat, Rishikesh, Indien 2011 &#8211; 2012<\/span><\/li>\n<li><span style=\"font-family: trebuchet ms,geneva; font-size: 12pt;\">Yogaterapi uddannelse efter Anusara principper hos Jordan Bloom, 2012<\/span><\/li>\n<li><span style=\"font-family: trebuchet ms,geneva; font-size: 12pt;\">29 \u00e5rs samarbejde med den spirituelle l\u00e6rer Art Reade<\/span><\/li>\n<li><span style=\"font-family: trebuchet ms,geneva; font-size: 12pt;\">31 \u00e5rs undervisningserfaring<\/span>&nbsp;<\/li>\n<\/ul>\n<p><a href=\"http:\/\/insightyoga.dk\/wp-content\/uploads\/2013\/11\/Logo_Yoga.jpg\"><img loading=\"lazy\" class=\"size-medium wp-image-51 aligncenter\" src=\"http:\/\/insightyoga.dk\/wp-content\/uploads\/2013\/11\/Logo_Yoga-233x300.jpg\" alt=\"Logo_Yoga\" width=\"150\" height=\"194\" \/><\/a><\/p>\n","protected":false},"excerpt":{"rendered":"<p>Iris tilbyder: Individuelle yogaprogrammer Fortl\u00f8bende yogaundervisning \u00c5ndedr\u00e6tsterapi iflg. Yoga Hormonyoga for kvinder i overgangsalderen Sessioner i Tilgivelse Enetimer, eller sm\u00e5 hold i Systemiske Familieopstillinger Undervisning\/coaching efter Art Reade&#8217;s principper Weekendkurser\/foredrag\/workshops i samtlige emner hjemme hos dig, efter aftale For at &hellip; <a href=\"https:\/\/insightyoga.dk\/?page_id=13\">L\u00e6s resten <span class=\"meta-nav\">&rarr;<\/span><\/a><\/p>\n","protected":false},"author":1,"featured_media":0,"parent":0,"menu_order":300,"comment_status":"closed","ping_status":"closed","template":"onecolumn-page.php","meta":[],"_links":{"self":[{"href":"https:\/\/insightyoga.dk\/index.php?rest_route=\/wp\/v2\/pages\/13"}],"collection":[{"href":"https:\/\/insightyoga.dk\/index.php?rest_route=\/wp\/v2\/pages"}],"about":[{"href":"https:\/\/insightyoga.dk\/index.php?rest_route=\/wp\/v2\/types\/page"}],"author":[{"embeddable":true,"href":"https:\/\/insightyoga.dk\/index.php?rest_route=\/wp\/v2\/users\/1"}],"replies":[{"embeddable":true,"href":"https:\/\/insightyoga.dk\/index.php?rest_route=%2Fwp%2Fv2%2Fcomments&post=13"}],"version-history":[{"count":7,"href":"https:\/\/insightyoga.dk\/index.php?rest_route=\/wp\/v2\/pages\/13\/revisions"}],"predecessor-version":[{"id":316,"href":"https:\/\/insightyoga.dk\/index.php?rest_route=\/wp\/v2\/pages\/13\/revisions\/316"}],"wp:attachment":[{"href":"https:\/\/insightyoga.dk\/index.php?rest_route=%2Fwp%2Fv2%2Fmedia&parent=13"}],"curies":[{"name":"wp","href":"https:\/\/api.w.org\/{rel}","templated":true}]}}