{"id":134,"date":"2013-12-01T21:39:51","date_gmt":"2013-12-01T21:39:51","guid":{"rendered":"http:\/\/insightyoga.dk\/?page_id=134"},"modified":"2014-08-19T10:48:39","modified_gmt":"2014-08-19T10:48:39","slug":"events","status":"publish","type":"page","link":"https:\/\/insightyoga.dk\/?page_id=134","title":{"rendered":"Events"},"content":{"rendered":"<div align=\"left\"><span style=\"font-family: trebuchet ms,geneva; font-size: 12pt;\">At v\u00e6re aktive sammen \u00e5bner op for f\u00e6llesskabet og skaber gl\u00e6de og smil blandt deltagerne.<\/span><\/div>\n<div align=\"left\"><span style=\"font-family: trebuchet ms,geneva; font-size: 12pt;\">Skal du\/I afholde polterabend, firmaarrangement, familie\/vennekomsammen, m\u00f8dregruppe el. andet s\u00e5 kommer vi med gl\u00e6de ud og underviser jer i yoga.<\/span><\/div>\n<div align=\"left\"><span style=\"font-family: trebuchet ms,geneva; font-size: 12pt;\">\u00a0<\/span><\/div>\n<div align=\"left\"><span style=\"font-family: trebuchet ms,geneva; font-size: 12pt;\">Vi sammens\u00e6tter programmet efter dit\/jeres \u00f8nske.<\/span><\/div>\n<div align=\"left\"><span style=\"font-family: trebuchet ms,geneva; font-size: 12pt;\">\u00a0<\/span><\/div>\n<div align=\"left\"><span style=\"font-family: trebuchet ms,geneva; font-size: 12pt;\">Ring og h\u00f8r om priser og muligheder til<\/span><\/div>\n<p><span style=\"font-size: 12pt; font-family: trebuchet ms,geneva;\"><strong>Iris p\u00e5 tlf. nr. 20 64 58 19 eller email: <a href=\"mailto:iris@in-sight.eu\">iris@in-sight.eu<\/a><\/strong><\/span><\/p>\n<p>&nbsp;<\/p>\n<p><a href=\"http:\/\/insightyoga.dk\/wp-content\/uploads\/2013\/11\/Logo_Yoga.jpg\"><img loading=\"lazy\" class=\"aligncenter\" src=\"http:\/\/insightyoga.dk\/wp-content\/uploads\/2013\/11\/Logo_Yoga-233x300.jpg\" alt=\"Logo_Yoga\" width=\"125\" height=\"161\" \/><\/a><\/p>\n","protected":false},"excerpt":{"rendered":"<p>At v\u00e6re aktive sammen \u00e5bner op for f\u00e6llesskabet og skaber gl\u00e6de og smil blandt deltagerne. Skal du\/I afholde polterabend, firmaarrangement, familie\/vennekomsammen, m\u00f8dregruppe el. andet s\u00e5 kommer vi med gl\u00e6de ud og underviser jer i yoga. \u00a0 Vi sammens\u00e6tter programmet efter &hellip; <a href=\"https:\/\/insightyoga.dk\/?page_id=134\">L\u00e6s resten <span class=\"meta-nav\">&rarr;<\/span><\/a><\/p>\n","protected":false},"author":1,"featured_media":0,"parent":15,"menu_order":90,"comment_status":"closed","ping_status":"closed","template":"onecolumn-page.php","meta":[],"_links":{"self":[{"href":"https:\/\/insightyoga.dk\/index.php?rest_route=\/wp\/v2\/pages\/134"}],"collection":[{"href":"https:\/\/insightyoga.dk\/index.php?rest_route=\/wp\/v2\/pages"}],"about":[{"href":"https:\/\/insightyoga.dk\/index.php?rest_route=\/wp\/v2\/types\/page"}],"author":[{"embeddable":true,"href":"https:\/\/insightyoga.dk\/index.php?rest_route=\/wp\/v2\/users\/1"}],"replies":[{"embeddable":true,"href":"https:\/\/insightyoga.dk\/index.php?rest_route=%2Fwp%2Fv2%2Fcomments&post=134"}],"version-history":[{"count":5,"href":"https:\/\/insightyoga.dk\/index.php?rest_route=\/wp\/v2\/pages\/134\/revisions"}],"predecessor-version":[{"id":319,"href":"https:\/\/insightyoga.dk\/index.php?rest_route=\/wp\/v2\/pages\/134\/revisions\/319"}],"up":[{"embeddable":true,"href":"https:\/\/insightyoga.dk\/index.php?rest_route=\/wp\/v2\/pages\/15"}],"wp:attachment":[{"href":"https:\/\/insightyoga.dk\/index.php?rest_route=%2Fwp%2Fv2%2Fmedia&parent=134"}],"curies":[{"name":"wp","href":"https:\/\/api.w.org\/{rel}","templated":true}]}}