{"id":17,"date":"2013-11-18T19:34:54","date_gmt":"2013-11-18T19:34:54","guid":{"rendered":"http:\/\/insightyoga.dk\/?page_id=17"},"modified":"2017-04-25T19:13:14","modified_gmt":"2017-04-25T19:13:14","slug":"yogaferierretreats","status":"publish","type":"page","link":"https:\/\/insightyoga.dk\/?page_id=17","title":{"rendered":"Yogaferier\/Retreats"},"content":{"rendered":"<p align=\"center\"><span style=\"font-size: 16pt; font-family: trebuchet ms,geneva;\"><strong><span style=\"color: #b20000;\">En oase i juler\u00e6set<\/span><\/strong><\/span><b><br \/>\n<\/b><\/p>\n<p align=\"center\"><span style=\"font-family: trebuchet ms,geneva; font-size: 12pt;\"><b>Kunne du t\u00e6nke dig 3 langsomme dage offline?<\/b><\/span><\/p>\n<p align=\"center\"><span style=\"font-size: 12pt; font-family: trebuchet ms,geneva;\">Afstressende Retreat med Mindful Yoga og Meditation<b><br \/>\n<\/b><\/span><\/p>\n<p align=\"center\"><span style=\"font-family: trebuchet ms,geneva; font-size: 12pt;\"><b>Ikke planlagt endnu<\/b><\/span><br \/>\n<span style=\"font-family: trebuchet ms,geneva; font-size: 12pt;\"> p\u00e5 Langeb\u00e6k Retreat Center <\/span><\/p>\n<p align=\"center\"><span style=\"font-family: trebuchet ms,geneva; font-size: 12pt;\">Tid til at m\u00e6rke dig selv &#8211; din krop, dit \u00e5ndedr\u00e6t og dine behov.<br \/>\nTid til refleksion og fordybelse.<br \/>\nTil at g\u00f8re ingenting.<br \/>\nV\u00e6re stille.<br \/>\nF\u00e5 maden serveret.<br \/>\nLade livet v\u00e6re enkelt.<\/span><\/p>\n<p align=\"center\"><span style=\"font-size: 12pt; font-family: trebuchet ms,geneva;\">De smukke, enkle omgivelser hj\u00e6lper dig til at slippe travlheden.<br \/>\nYoga programmet bliver sammensat efter gruppens behov.<br \/>\nVed hj\u00e6lp af mindfulness \u00f8velser kommer du helt ned i gear.<br \/>\nUnder meditationen bliver \u00e5ndedr\u00e6ttet langsommere og tankemylderet mindre og mindre.<b><br \/>\n<\/b><\/span><\/p>\n<p align=\"center\"><span style=\"font-size: 12pt; font-family: trebuchet ms,geneva;\">Pris: 3.300,-<br \/>\nMerkur bank reg.nr. 8401 kontonr.: 0001148966.<b><br \/>\n<\/b><\/span><\/p>\n<p align=\"center\"><span style=\"font-family: trebuchet ms,geneva; font-size: 12pt;\">Kursusleder:<\/span><br \/>\n<span style=\"font-family: trebuchet ms,geneva; font-size: 12pt;\"> aut. yogal\u00e6rer Iris U. Schneider<\/span><br \/>\n<span style=\"font-family: trebuchet ms,geneva; font-size: 12pt;\"> stifter og leder af In-Sight Yoga<b><br \/>\n<\/b><\/span><\/p>\n<p style=\"text-align: center;\"><span style=\"font-family: trebuchet ms,geneva; font-size: 12pt;\">Info \/tilmelding.<\/span><br \/>\n<span style=\"font-family: trebuchet ms,geneva; font-size: 12pt;\"> Tlf: 20 64 58 19 \/ iris@in-sight.eu<\/span><br \/>\n<span style=\"font-family: trebuchet ms,geneva; font-size: 12pt;\"> <a href=\"http:\/\/www.yogaferie.info\/index.php?En_Oase_i_Juler%E6set\">www.yogaferie.info<\/a><\/span><\/p>\n<p>&nbsp;<\/p>\n<p>&nbsp;<\/p>\n<p>&nbsp;<\/p>\n<p>&nbsp;<\/p>\n<p><a href=\"http:\/\/insightyoga.dk\/wp-content\/uploads\/2013\/11\/Logo_Yoga.jpg\"><img loading=\"lazy\" class=\"size-medium wp-image-51 aligncenter\" src=\"http:\/\/insightyoga.dk\/wp-content\/uploads\/2013\/11\/Logo_Yoga-233x300.jpg\" alt=\"Logo_Yoga\" width=\"150\" height=\"194\" \/><\/a><\/p>\n","protected":false},"excerpt":{"rendered":"<p>En oase i juler\u00e6set Kunne du t\u00e6nke dig 3 langsomme dage offline? Afstressende Retreat med Mindful Yoga og Meditation Ikke planlagt endnu p\u00e5 Langeb\u00e6k Retreat Center Tid til at m\u00e6rke dig selv &#8211; din krop, dit \u00e5ndedr\u00e6t og dine behov. &hellip; <a href=\"https:\/\/insightyoga.dk\/?page_id=17\">L\u00e6s resten <span class=\"meta-nav\">&rarr;<\/span><\/a><\/p>\n","protected":false},"author":1,"featured_media":0,"parent":0,"menu_order":500,"comment_status":"closed","ping_status":"closed","template":"onecolumn-page.php","meta":[],"_links":{"self":[{"href":"https:\/\/insightyoga.dk\/index.php?rest_route=\/wp\/v2\/pages\/17"}],"collection":[{"href":"https:\/\/insightyoga.dk\/index.php?rest_route=\/wp\/v2\/pages"}],"about":[{"href":"https:\/\/insightyoga.dk\/index.php?rest_route=\/wp\/v2\/types\/page"}],"author":[{"embeddable":true,"href":"https:\/\/insightyoga.dk\/index.php?rest_route=\/wp\/v2\/users\/1"}],"replies":[{"embeddable":true,"href":"https:\/\/insightyoga.dk\/index.php?rest_route=%2Fwp%2Fv2%2Fcomments&post=17"}],"version-history":[{"count":9,"href":"https:\/\/insightyoga.dk\/index.php?rest_route=\/wp\/v2\/pages\/17\/revisions"}],"predecessor-version":[{"id":377,"href":"https:\/\/insightyoga.dk\/index.php?rest_route=\/wp\/v2\/pages\/17\/revisions\/377"}],"wp:attachment":[{"href":"https:\/\/insightyoga.dk\/index.php?rest_route=%2Fwp%2Fv2%2Fmedia&parent=17"}],"curies":[{"name":"wp","href":"https:\/\/api.w.org\/{rel}","templated":true}]}}