{"id":4,"date":"2013-11-18T19:01:40","date_gmt":"2013-11-18T19:01:40","guid":{"rendered":"http:\/\/insightyoga.dk\/?page_id=4"},"modified":"2014-08-29T21:36:49","modified_gmt":"2014-08-29T21:36:49","slug":"yoga-oase-pa-norrebro","status":"publish","type":"page","link":"https:\/\/insightyoga.dk\/","title":{"rendered":"En yogaoase med plads til fordybelse, ro og velv\u00e6re"},"content":{"rendered":"<p><span style=\"font-family: trebuchet ms,geneva; font-size: 12pt;\">In-Sight Yoga best\u00e5r af grundig, forst\u00e5elig instruktion, der respekterer den enkeltes form\u00e5en. Ikke to timer er ens, da vi altid indretter os efter den gruppe mennesker, der sidder foran os. Undervisningen er let og humoristisk, samtidig med at vi l\u00e6gger v\u00e6gt p\u00e5 dybde og udvikling. Vores udgangspunkt er den klassiske Hatha Yoga, med elementer fra mange andre forskellige yogaarter. Yogaen skal gerne blive din egen, indefra ud, og \u00e5bne dit hjerte og din krop.<\/span><\/p>\n<p style=\"text-align: center;\" align=\"center\"><span style=\"font-family: trebuchet ms,geneva; font-size: 12pt;\"><b>In-Sight Yoga<br \/>\n<b>Struenseegade 13A, 1. Sal<br \/>\n2200 K\u00f8benhavn N<\/b><\/b><\/span><\/p>\n<p style=\"text-align: center;\" align=\"center\"><span style=\"font-family: trebuchet ms,geneva; font-size: 12pt;\"><b>Iris U. Schneider \u00a0 \u00a0 \u00a0 \u00a0\u00a0 Friederikke Sofia Krogh\u00a0\u00a0\u00a0\u00a0\u00a0\u00a0\u00a0\u00a0\u00a0 Katja Thit N\u00f8rgaard <\/b><\/span><\/p>\n<div align=\"center\"><span style=\"font-size: 12pt; font-family: trebuchet ms,geneva;\"><b>Vi gl\u00e6der os til at se dig!<\/b><\/span><\/div>\n<div align=\"center\"><\/div>\n<div align=\"center\"><\/div>\n<div align=\"center\">\n<p style=\"text-align: left;\"><a href=\"http:\/\/insightyoga.dk\/wp-content\/uploads\/2013\/11\/Logo_Yoga.jpg\"><img loading=\"lazy\" class=\"size-medium wp-image-51 aligncenter\" src=\"http:\/\/insightyoga.dk\/wp-content\/uploads\/2013\/11\/Logo_Yoga-233x300.jpg\" alt=\"Logo_Yoga\" width=\"125\" height=\"161\" srcset=\"https:\/\/insightyoga.dk\/wp-content\/uploads\/2013\/11\/Logo_Yoga-233x300.jpg 233w, https:\/\/insightyoga.dk\/wp-content\/uploads\/2013\/11\/Logo_Yoga-798x1024.jpg 798w, https:\/\/insightyoga.dk\/wp-content\/uploads\/2013\/11\/Logo_Yoga.jpg 1026w\" sizes=\"(max-width: 125px) 100vw, 125px\" \/><\/a><\/p>\n<\/div>\n","protected":false},"excerpt":{"rendered":"<p>In-Sight Yoga best\u00e5r af grundig, forst\u00e5elig instruktion, der respekterer den enkeltes form\u00e5en. Ikke to timer er ens, da vi altid indretter os efter den gruppe mennesker, der sidder foran os. Undervisningen er let og humoristisk, samtidig med at vi l\u00e6gger &hellip; <a href=\"https:\/\/insightyoga.dk\/\">L\u00e6s resten <span class=\"meta-nav\">&rarr;<\/span><\/a><\/p>\n","protected":false},"author":1,"featured_media":0,"parent":0,"menu_order":0,"comment_status":"closed","ping_status":"closed","template":"","meta":[],"_links":{"self":[{"href":"https:\/\/insightyoga.dk\/index.php?rest_route=\/wp\/v2\/pages\/4"}],"collection":[{"href":"https:\/\/insightyoga.dk\/index.php?rest_route=\/wp\/v2\/pages"}],"about":[{"href":"https:\/\/insightyoga.dk\/index.php?rest_route=\/wp\/v2\/types\/page"}],"author":[{"embeddable":true,"href":"https:\/\/insightyoga.dk\/index.php?rest_route=\/wp\/v2\/users\/1"}],"replies":[{"embeddable":true,"href":"https:\/\/insightyoga.dk\/index.php?rest_route=%2Fwp%2Fv2%2Fcomments&post=4"}],"version-history":[{"count":15,"href":"https:\/\/insightyoga.dk\/index.php?rest_route=\/wp\/v2\/pages\/4\/revisions"}],"predecessor-version":[{"id":315,"href":"https:\/\/insightyoga.dk\/index.php?rest_route=\/wp\/v2\/pages\/4\/revisions\/315"}],"wp:attachment":[{"href":"https:\/\/insightyoga.dk\/index.php?rest_route=%2Fwp%2Fv2%2Fmedia&parent=4"}],"curies":[{"name":"wp","href":"https:\/\/api.w.org\/{rel}","templated":true}]}}